{"id":1306,"date":"2022-12-14T23:13:18","date_gmt":"2022-12-14T23:13:18","guid":{"rendered":"https:\/\/defilippi-sculpture.com\/4-2"},"modified":"2025-12-12T15:36:26","modified_gmt":"2025-12-12T15:36:26","slug":"4-2","status":"publish","type":"page","link":"https:\/\/defilippi-sculpture.com\/zh-hans\/4-2","title":{"rendered":"4"},"content":{"rendered":"<p>[et_pb_section fb_built=&#8221;1&#8243; specialty=&#8221;on&#8221; _builder_version=&#8221;4.19.4&#8243; _module_preset=&#8221;default&#8221; custom_padding=&#8221;27px||0px|||&#8221; global_colors_info=&#8221;{}&#8221;][et_pb_column type=&#8221;1_2&#8243; _builder_version=&#8221;4.16&#8243; custom_padding=&#8221;|||&#8221; global_colors_info=&#8221;{}&#8221; custom_padding__hover=&#8221;|||&#8221;][et_pb_image src=&#8221;https:\/\/defilippi-sculpture.com\/wp-content\/uploads\/2022\/12\/Inside-out-WebDiam-40cm.png&#8221; alt=&#8221;\u5ba4\u5185\u5916&#8221; title_text=&#8221;\u5916\u90e8-\u5185\u90e8 &#8211; 40cm&#8221; _builder_version=&#8221;4.27.4&#8243; _module_preset=&#8221;default&#8221; global_colors_info=&#8221;{}&#8221;][\/et_pb_image][et_pb_gallery gallery_ids=&#8221;1058,978&#8243; show_title_and_caption=&#8221;off&#8221; show_pagination=&#8221;off&#8221; disabled_on=&#8221;off|off|off&#8221; _builder_version=&#8221;4.27.4&#8243; _module_preset=&#8221;default&#8221; width=&#8221;80%&#8221; width_tablet=&#8221;80%&#8221; width_phone=&#8221;40%&#8221; width_last_edited=&#8221;on|phone&#8221; module_alignment_tablet=&#8221;&#8221; module_alignment_phone=&#8221;center&#8221; module_alignment_last_edited=&#8221;on|phone&#8221; global_colors_info=&#8221;{}&#8221;][\/et_pb_gallery][et_pb_gallery gallery_ids=&#8221;1058,978&#8243; show_title_and_caption=&#8221;off&#8221; show_pagination=&#8221;off&#8221; disabled_on=&#8221;off|off|off&#8221; _builder_version=&#8221;4.27.4&#8243; _module_preset=&#8221;default&#8221; width=&#8221;80%&#8221; width_tablet=&#8221;80%&#8221; width_phone=&#8221;40%&#8221; width_last_edited=&#8221;on|phone&#8221; module_alignment_tablet=&#8221;&#8221; module_alignment_phone=&#8221;center&#8221; module_alignment_last_edited=&#8221;on|phone&#8221; global_colors_info=&#8221;{}&#8221;][\/et_pb_gallery][\/et_pb_column][et_pb_column type=&#8221;1_2&#8243; specialty_columns=&#8221;2&#8243; _builder_version=&#8221;4.16&#8243; custom_padding=&#8221;|||&#8221; global_colors_info=&#8221;{}&#8221; custom_padding__hover=&#8221;|||&#8221;][et_pb_row_inner _builder_version=&#8221;4.19.1&#8243; _module_preset=&#8221;default&#8221; global_colors_info=&#8221;{}&#8221;][et_pb_column_inner saved_specialty_column_type=&#8221;1_2&#8243; _builder_version=&#8221;4.19.1&#8243; _module_preset=&#8221;default&#8221; global_colors_info=&#8221;{}&#8221;][et_pb_image src=&#8221;https:\/\/defilippi-sculpture.com\/wp-content\/uploads\/2022\/12\/Logo-Memoire-Aquatique-1-200&#215;200-copie.png&#8221; alt=&#8221;LOGO defilippi sculpture&#8221; title_text=&#8221;Logo-M\u00e9moire-Aquatique-1-200&#215;200 copie&#8221; align=&#8221;center&#8221; _builder_version=&#8221;4.19.4&#8243; _module_preset=&#8221;default&#8221; width=&#8221;14%&#8221; custom_margin_tablet=&#8221;&#8221; custom_margin_phone=&#8221;-36px||||false|false&#8221; custom_margin_last_edited=&#8221;on|phone&#8221; global_colors_info=&#8221;{}&#8221;][\/et_pb_image][et_pb_text _builder_version=&#8221;4.19.4&#8243; _module_preset=&#8221;default&#8221; text_font=&#8221;|700|||||||&#8221; text_text_color=&#8221;#999999&#8243; text_font_size=&#8221;16px&#8221; global_colors_info=&#8221;{}&#8221;]<\/p>\n<p style=\"text-align: center;\">\u571f\u8033\u5176\u5927\u7406\u77f3 &#8211; \u76f4\u63a5\u5207\u5272<\/p>\n<p>[\/et_pb_text][et_pb_text _builder_version=&#8221;4.27.4&#8243; _module_preset=&#8221;default&#8221; text_font=&#8221;|700|||||||&#8221; text_text_color=&#8221;#999999&#8243; text_font_size=&#8221;16px&#8221; global_colors_info=&#8221;{}&#8221;]<\/p>\n<p style=\"text-align: center;\"><em>\u76f4\u5f84 40 \u5398\u7c73<br \/>\u5185\u5bb9<br \/>3,000 \u6b27\u5143<br \/>\u5185\u5bb9<br \/>\u79df\u91d1 150 \u6b27\u5143\/\u6708\u8d77<br \/>\u5185\u5bb9<br \/>\u9001\u8d27\u5361\u8f66<br \/>\u6807\u9898\u6587\u5b57<br \/>\u9001\u8d27\u5361\u8f66<br \/>\u95ee\u9898<br \/>\u6807\u9898\u6587\u5b57<br \/>\u95ee\u9898<br \/>\u95ee\u9898<br \/>Zh\u00edj\u00ecng 40 l\u00edm\u01d0<br \/>n\u00e8ir\u00f3ng<br \/>Diam\u00e8tre 40 cm<\/em><\/p>\n<p>[\/et_pb_text][et_pb_text _builder_version=&#8221;4.19.4&#8243; _module_preset=&#8221;default&#8221; text_font=&#8221;|700|||||||&#8221; text_text_color=&#8221;#999999&#8243; text_font_size=&#8221;16px&#8221; custom_margin=&#8221;-21px||||false|false&#8221; global_colors_info=&#8221;{}&#8221;]<\/p>\n<p style=\"text-align: center;\">3000 \u20ac<\/p>\n<p>[\/et_pb_text][et_pb_text _builder_version=&#8221;4.19.4&#8243; _module_preset=&#8221;default&#8221; text_text_color=&#8221;#000000&#8243; custom_padding=&#8221;5px||5px||true|false&#8221; border_width_all=&#8221;1px&#8221; global_colors_info=&#8221;{}&#8221;]<\/p>\n<p style=\"text-align: center;\">Location \u00e0 Partir de 150 \u20ac\/mois<\/p>\n<p>[\/et_pb_text][\/et_pb_column_inner][\/et_pb_row_inner][et_pb_row_inner column_structure=&#8221;1_2,1_2&#8243; use_custom_gutter=&#8221;on&#8221; gutter_width=&#8221;1&#8243; make_equal=&#8221;on&#8221; _builder_version=&#8221;4.19.2&#8243; _module_preset=&#8221;default&#8221; custom_margin=&#8221;-29px|-58px||-58px|false|true&#8221; global_colors_info=&#8221;{}&#8221;][et_pb_column_inner type=&#8221;1_2&#8243; saved_specialty_column_type=&#8221;1_2&#8243; _builder_version=&#8221;4.19.1&#8243; _module_preset=&#8221;default&#8221; global_colors_info=&#8221;{}&#8221;][et_pb_image src=&#8221;https:\/\/defilippi-sculpture.com\/wp-content\/uploads\/2022\/12\/Camion-Livraisons.png&#8221; title_text=&#8221;\u5361\u8f66\u4ea4\u4ed8&#8221; align=&#8221;right&#8221; align_tablet=&#8221;right&#8221; align_phone=&#8221;center&#8221; align_last_edited=&#8221;on|phone&#8221; _builder_version=&#8221;4.19.4&#8243; _module_preset=&#8221;default&#8221; width=&#8221;40%&#8221; width_tablet=&#8221;40%&#8221; width_phone=&#8221;50%&#8221; width_last_edited=&#8221;on|phone&#8221; custom_margin_tablet=&#8221;&#8221; custom_margin_phone=&#8221;-19px|137px||137px|false|true&#8221; custom_margin_last_edited=&#8221;on|phone&#8221; global_colors_info=&#8221;{}&#8221;][\/et_pb_image][\/et_pb_column_inner][et_pb_column_inner type=&#8221;1_2&#8243; saved_specialty_column_type=&#8221;1_2&#8243; _builder_version=&#8221;4.19.2&#8243; _module_preset=&#8221;default&#8221; background_enable_color=&#8221;off&#8221; border_color_all=&#8221;#ff9900&#8243; global_colors_info=&#8221;{}&#8221;][et_pb_text content_tablet=&#8221;<\/p>\n<p><em>\u5728\u5df4\u9ece\u548c\u76ae\u5361\u8fea\u533a\u514d\u8d39\u9001\u8d27<\/em><\/p>\n<p>&#8221; content_phone=&#8221;<\/p>\n<p style=%22text-align: center;%22><em>\u5728\u5df4\u9ece\u548c\u76ae\u5361\u8fea\u533a\u514d\u8d39\u9001\u8d27<\/em><\/p>\n<p>&#8221; content_last_edited=&#8221;on|phone&#8221; _builder_version=&#8221;4.19.2&#8243; _module_preset=&#8221;default&#8221; text_text_color=&#8221;#9e9e9e&#8221; custom_margin=&#8221;13px||13px||true|false&#8221; custom_margin_tablet=&#8221;13px||13px||true|false&#8221; custom_margin_phone=&#8221;13px||13px|106px|true|false&#8221; custom_margin_last_edited=&#8221;on|phone&#8221; text_text_shadow_style=&#8221;preset1&#8243; global_colors_info=&#8221;{}&#8221;]<\/p>\n<p><em>\u5728\u5df4\u9ece\u548c\u76ae\u5361\u8fea\u533a\u514d\u8d39\u9001\u8d27<\/em><\/p>\n<p>[\/et_pb_text][\/et_pb_column_inner][\/et_pb_row_inner][et_pb_row_inner column_structure=&#8221;1_2,1_2&#8243; use_custom_gutter=&#8221;on&#8221; gutter_width=&#8221;1&#8243; make_equal=&#8221;on&#8221; _builder_version=&#8221;4.19.1&#8243; _module_preset=&#8221;default&#8221; custom_margin=&#8221;-2px|||||&#8221; global_colors_info=&#8221;{}&#8221;][et_pb_column_inner type=&#8221;1_2&#8243; saved_specialty_column_type=&#8221;1_2&#8243; _builder_version=&#8221;4.19.1&#8243; _module_preset=&#8221;default&#8221; global_colors_info=&#8221;{}&#8221;][et_pb_image src=&#8221;https:\/\/defilippi-sculpture.com\/wp-content\/uploads\/2022\/12\/Interogation.png&#8221; title_text=&#8221;Interogation&#8221; align=&#8221;center&#8221; _builder_version=&#8221;4.19.4&#8243; _module_preset=&#8221;default&#8221; width_tablet=&#8221;&#8221; width_phone=&#8221;15%&#8221; width_last_edited=&#8221;on|phone&#8221; custom_margin_tablet=&#8221;&#8221; custom_margin_phone=&#8221;-50px||||false|false&#8221; custom_margin_last_edited=&#8221;on|phone&#8221; global_colors_info=&#8221;{}&#8221;][\/et_pb_image][et_pb_text _builder_version=&#8221;4.19.2&#8243; _module_preset=&#8221;default&#8221; text_font=&#8221;||on||||||&#8221; text_font_size=&#8221;20px&#8221; custom_margin_tablet=&#8221;&#8221; custom_margin_phone=&#8221;||36px||false|false&#8221; custom_margin_last_edited=&#8221;on|phone&#8221; global_colors_info=&#8221;{}&#8221;]<\/p>\n<p style=\"text-align: center;\">\u95ee\u9898<\/p>\n<p>[\/et_pb_text][\/et_pb_column_inner][et_pb_column_inner type=&#8221;1_2&#8243; saved_specialty_column_type=&#8221;1_2&#8243; _builder_version=&#8221;4.19.1&#8243; _module_preset=&#8221;default&#8221; background_color=&#8221;#000000&#8243; border_width_all=&#8221;2px&#8221; border_color_all=&#8221;#ff9900&#8243; global_colors_info=&#8221;{}&#8221;][et_pb_contact_form captcha=&#8221;off&#8221; email=&#8221;mcdefi1@gmail.com&#8221; custom_message=&#8221;%%nom%%||et_pb_line_break_holder||%%email%%||et_pb_line_break_holder||%%objet%%||et_pb_line_break_holder||%%message%%&#8221; success_message=&#8221;\u8c22\u8c22\u4f60\u7684\u7559\u8a00\uff0c\u6211\u4eec\u5c06\u5c3d\u5feb\u4e0e\u4f60\u8054\u7cfb\u3002 &#8221; submit_button_text=&#8221;\u53d1\u9001&#8221; _builder_version=&#8221;4.19.2&#8243; _module_preset=&#8221;default&#8221; _unique_id=&#8221;bbfbef2c-b4c4-4150-911b-588c2864aac4&#8243; custom_button=&#8221;on&#8221; button_text_size=&#8221;18px&#8221; button_text_color=&#8221;#FFFFFF&#8221; button_bg_color=&#8221;#ff9900&#8243; button_border_width=&#8221;0px&#8221; custom_padding=&#8221;12px|8px|12px|8px|true|true&#8221; global_colors_info=&#8221;{}&#8221;][et_pb_contact_field field_id=&#8221;Nom&#8221; field_title=&#8221;\u547d\u540d&#8221; fullwidth_field=&#8221;on&#8221; _builder_version=&#8221;4.19.1&#8243; form_field_background_color=&#8221;#FFFFFF&#8221; form_field_text_color=&#8221;#000000&#8243; global_colors_info=&#8221;{}&#8221; button_text_size__hover_enabled=&#8221;off&#8221; button_one_text_size__hover_enabled=&#8221;off&#8221; button_two_text_size__hover_enabled=&#8221;off&#8221; button_text_color__hover_enabled=&#8221;off&#8221; button_one_text_color__hover_enabled=&#8221;off&#8221; button_two_text_color__hover_enabled=&#8221;off&#8221; button_border_width__hover_enabled=&#8221;off&#8221; button_one_border_width__hover_enabled=&#8221;off&#8221; button_two_border_width__hover_enabled=&#8221;off&#8221; button_border_color__hover_enabled=&#8221;off&#8221; button_one_border_color__hover_enabled=&#8221;off&#8221; button_two_border_color__hover_enabled=&#8221;off&#8221; button_border_radius__hover_enabled=&#8221;off&#8221; button_one_border_radius__hover_enabled=&#8221;off&#8221; button_two_border_radius__hover_enabled=&#8221;off&#8221; button_letter_spacing__hover_enabled=&#8221;off&#8221; button_one_letter_spacing__hover_enabled=&#8221;off&#8221; button_two_letter_spacing__hover_enabled=&#8221;off&#8221; button_bg_color__hover_enabled=&#8221;off&#8221; button_one_bg_color__hover_enabled=&#8221;off&#8221; button_two_bg_color__hover_enabled=&#8221;off&#8221;][\/et_pb_contact_field][et_pb_contact_field field_id=&#8221;Email&#8221; field_title=&#8221;\u7535\u5b50\u90ae\u4ef6\u5730\u5740&#8221; field_type=&#8221;email&#8221; fullwidth_field=&#8221;on&#8221; _builder_version=&#8221;4.19.1&#8243; form_field_background_color=&#8221;#FFFFFF&#8221; form_field_text_color=&#8221;#000000&#8243; global_colors_info=&#8221;{}&#8221; button_text_size__hover_enabled=&#8221;off&#8221; button_one_text_size__hover_enabled=&#8221;off&#8221; button_two_text_size__hover_enabled=&#8221;off&#8221; button_text_color__hover_enabled=&#8221;off&#8221; button_one_text_color__hover_enabled=&#8221;off&#8221; button_two_text_color__hover_enabled=&#8221;off&#8221; button_border_width__hover_enabled=&#8221;off&#8221; button_one_border_width__hover_enabled=&#8221;off&#8221; button_two_border_width__hover_enabled=&#8221;off&#8221; button_border_color__hover_enabled=&#8221;off&#8221; button_one_border_color__hover_enabled=&#8221;off&#8221; button_two_border_color__hover_enabled=&#8221;off&#8221; button_border_radius__hover_enabled=&#8221;off&#8221; button_one_border_radius__hover_enabled=&#8221;off&#8221; button_two_border_radius__hover_enabled=&#8221;off&#8221; button_letter_spacing__hover_enabled=&#8221;off&#8221; button_one_letter_spacing__hover_enabled=&#8221;off&#8221; button_two_letter_spacing__hover_enabled=&#8221;off&#8221; button_bg_color__hover_enabled=&#8221;off&#8221; button_one_bg_color__hover_enabled=&#8221;off&#8221; button_two_bg_color__hover_enabled=&#8221;off&#8221;][\/et_pb_contact_field][et_pb_contact_field field_id=&#8221;Objet&#8221; field_title=&#8221;\u5b97\u65e8&#8221; fullwidth_field=&#8221;on&#8221; _builder_version=&#8221;4.19.1&#8243; _module_preset=&#8221;default&#8221; form_field_background_color=&#8221;#FFFFFF&#8221; form_field_text_color=&#8221;#000000&#8243; global_colors_info=&#8221;{}&#8221;][\/et_pb_contact_field][et_pb_contact_field field_id=&#8221;Message&#8221; field_title=&#8221;\u7559\u8a00&#8221; field_type=&#8221;text&#8221; fullwidth_field=&#8221;on&#8221; _builder_version=&#8221;4.19.1&#8243; form_field_background_color=&#8221;#FFFFFF&#8221; form_field_text_color=&#8221;#000000&#8243; global_colors_info=&#8221;{}&#8221; button_text_size__hover_enabled=&#8221;off&#8221; button_one_text_size__hover_enabled=&#8221;off&#8221; button_two_text_size__hover_enabled=&#8221;off&#8221; button_text_color__hover_enabled=&#8221;off&#8221; button_one_text_color__hover_enabled=&#8221;off&#8221; button_two_text_color__hover_enabled=&#8221;off&#8221; button_border_width__hover_enabled=&#8221;off&#8221; button_one_border_width__hover_enabled=&#8221;off&#8221; button_two_border_width__hover_enabled=&#8221;off&#8221; button_border_color__hover_enabled=&#8221;off&#8221; button_one_border_color__hover_enabled=&#8221;off&#8221; button_two_border_color__hover_enabled=&#8221;off&#8221; button_border_radius__hover_enabled=&#8221;off&#8221; button_one_border_radius__hover_enabled=&#8221;off&#8221; button_two_border_radius__hover_enabled=&#8221;off&#8221; button_letter_spacing__hover_enabled=&#8221;off&#8221; button_one_letter_spacing__hover_enabled=&#8221;off&#8221; button_two_letter_spacing__hover_enabled=&#8221;off&#8221; button_bg_color__hover_enabled=&#8221;off&#8221; button_one_bg_color__hover_enabled=&#8221;off&#8221; button_two_bg_color__hover_enabled=&#8221;off&#8221;][\/et_pb_contact_field][\/et_pb_contact_form][\/et_pb_column_inner][\/et_pb_row_inner][\/et_pb_column][\/et_pb_section][et_pb_section fb_built=&#8221;1&#8243; _builder_version=&#8221;4.19.4&#8243; _module_preset=&#8221;default&#8221; background_color=&#8221;#000000&#8243; global_colors_info=&#8221;{}&#8221;][et_pb_row _builder_version=&#8221;4.19.1&#8243; _module_preset=&#8221;default&#8221; global_colors_info=&#8221;{}&#8221;][et_pb_column type=&#8221;4_4&#8243; _builder_version=&#8221;4.19.1&#8243; _module_preset=&#8221;default&#8221; global_colors_info=&#8221;{}&#8221;][et_pb_text _builder_version=&#8221;4.19.4&#8243; _module_preset=&#8221;default&#8221; link_text_color=&#8221;#FFFFFF&#8221; locked=&#8221;off&#8221; global_colors_info=&#8221;{}&#8221;]<\/p>\n<p style=\"text-align: center;\"><a href=\"https:\/\/defilippi-sculpture.com\/zh-hans\/%e5%85%ac%e5%85%b1%e9%9b%95%e5%a1%91\">\u516c\u5171\u96d5\u5851<\/a><\/p>\n<p style=\"text-align: center;\"><a href=\"https:\/\/defilippi-sculpture.com\/zh-hans\/%e7%a7%81%e8%90%a5\">\u79c1\u4eba\u6536\u85cf<\/a><\/p>\n<p style=\"text-align: center;\"><a href=\"https:\/\/defilippi-sculpture.com\/zh-hans\/%e4%be%9b%e5%87%ba%e5%94%ae%e6%88%96%e5%87%ba%e7%a7%9f\">\u4f9b\u51fa\u552e\u6216\u51fa\u79df<\/a><\/p>\n<p style=\"text-align: center;\"><a href=\"https:\/\/defilippi-sculpture.com\/zh-hans\/%e6%96%b0%e9%97%bb\">\u65b0\u95fb<\/a><\/p>\n<p style=\"text-align: center;\"><a href=\"https:\/\/defilippi-sculpture.com\/zh-hans\/%e8%81%94%e7%b3%bb%e6%88%91%e4%bb%ac\">\u8054\u7cfb\u6211\u4eec<\/a><\/p>\n<p>[\/et_pb_text][\/et_pb_column][\/et_pb_row][\/et_pb_section]<\/p>\n","protected":false},"excerpt":{"rendered":"<p>\u571f\u8033\u5176\u5927\u7406\u77f3 &#8211; \u76f4\u63a5\u5207\u5272\u76f4\u5f84 40 \u5398\u7c73\u5185\u5bb93,000 \u6b27\u5143\u5185\u5bb9\u79df\u91d1 150 \u6b27\u5143\/\u6708\u8d77\u5185\u5bb9\u9001\u8d27\u5361\u8f66\u6807\u9898\u6587\u5b57 [&hellip;]<\/p>\n","protected":false},"author":1,"featured_media":0,"parent":0,"menu_order":0,"comment_status":"closed","ping_status":"closed","template":"","meta":{"_et_pb_use_builder":"on","_et_pb_old_content":"","_et_gb_content_width":"","footnotes":""},"class_list":["post-1306","page","type-page","status-publish","hentry"],"yoast_head":"<!-- This site is optimized with the Yoast SEO plugin v27.4 - https:\/\/yoast.com\/product\/yoast-seo-wordpress\/ -->\n<title>4 - DEFILIPPI SCULPTURE<\/title>\n<meta name=\"description\" content=\"DEFILIPPI SCULPTURE - 4\" \/>\n<meta name=\"robots\" content=\"index, follow, max-snippet:-1, max-image-preview:large, max-video-preview:-1\" \/>\n<link rel=\"canonical\" href=\"https:\/\/defilippi-sculpture.com\/zh-hans\/4-2\" \/>\n<meta property=\"og:locale\" content=\"zh_CN\" \/>\n<meta property=\"og:type\" content=\"article\" \/>\n<meta property=\"og:title\" content=\"4 - DEFILIPPI SCULPTURE\" \/>\n<meta property=\"og:description\" content=\"DEFILIPPI SCULPTURE - 4\" \/>\n<meta property=\"og:url\" content=\"https:\/\/defilippi-sculpture.com\/zh-hans\/4-2\" \/>\n<meta property=\"og:site_name\" content=\"DEFILIPPI SCULPTURE\" \/>\n<meta property=\"article:modified_time\" content=\"2025-12-12T15:36:26+00:00\" \/>\n<meta name=\"twitter:card\" content=\"summary_large_image\" \/>\n<meta name=\"twitter:label1\" content=\"\u9884\u8ba1\u9605\u8bfb\u65f6\u95f4\" \/>\n\t<meta name=\"twitter:data1\" content=\"7 \u5206\" \/>\n<script type=\"application\/ld+json\" class=\"yoast-schema-graph\">{\"@context\":\"https:\\\/\\\/schema.org\",\"@graph\":[{\"@type\":\"WebPage\",\"@id\":\"https:\\\/\\\/defilippi-sculpture.com\\\/zh-hans\\\/4-2\",\"url\":\"https:\\\/\\\/defilippi-sculpture.com\\\/zh-hans\\\/4-2\",\"name\":\"4 - DEFILIPPI SCULPTURE\",\"isPartOf\":{\"@id\":\"https:\\\/\\\/defilippi-sculpture.com\\\/zh-hans#website\"},\"datePublished\":\"2022-12-14T23:13:18+00:00\",\"dateModified\":\"2025-12-12T15:36:26+00:00\",\"description\":\"DEFILIPPI SCULPTURE - 4\",\"breadcrumb\":{\"@id\":\"https:\\\/\\\/defilippi-sculpture.com\\\/zh-hans\\\/4-2#breadcrumb\"},\"inLanguage\":\"zh-Hans\",\"potentialAction\":[{\"@type\":\"ReadAction\",\"target\":[\"https:\\\/\\\/defilippi-sculpture.com\\\/zh-hans\\\/4-2\"]}]},{\"@type\":\"BreadcrumbList\",\"@id\":\"https:\\\/\\\/defilippi-sculpture.com\\\/zh-hans\\\/4-2#breadcrumb\",\"itemListElement\":[{\"@type\":\"ListItem\",\"position\":1,\"name\":\"Accueil\",\"item\":\"https:\\\/\\\/defilippi-sculpture.com\\\/zh-hans\\\/%e9%a6%96%e9%a1%b5\"},{\"@type\":\"ListItem\",\"position\":2,\"name\":\"4\"}]},{\"@type\":\"WebSite\",\"@id\":\"https:\\\/\\\/defilippi-sculpture.com\\\/zh-hans#website\",\"url\":\"https:\\\/\\\/defilippi-sculpture.com\\\/zh-hans\",\"name\":\"DEFILIPPI - SCULPTURE\",\"description\":\"SCULPTURES en Marbres \u2013 Granits ou Bronzes\",\"publisher\":{\"@id\":\"https:\\\/\\\/defilippi-sculpture.com\\\/zh-hans#organization\"},\"alternateName\":\"Sculptures en Marbres \u2013 Granits \u2013 Bronzes\",\"potentialAction\":[{\"@type\":\"SearchAction\",\"target\":{\"@type\":\"EntryPoint\",\"urlTemplate\":\"https:\\\/\\\/defilippi-sculpture.com\\\/zh-hans?s={search_term_string}\"},\"query-input\":{\"@type\":\"PropertyValueSpecification\",\"valueRequired\":true,\"valueName\":\"search_term_string\"}}],\"inLanguage\":\"zh-Hans\"},{\"@type\":\"Organization\",\"@id\":\"https:\\\/\\\/defilippi-sculpture.com\\\/zh-hans#organization\",\"name\":\"SCULPTURE - DE FILIPPI\",\"alternateName\":\"DE FILIPPI - Sculptures - Marbres \u2013 Granits \u2013 Bronzes\",\"url\":\"https:\\\/\\\/defilippi-sculpture.com\\\/zh-hans\",\"logo\":{\"@type\":\"ImageObject\",\"inLanguage\":\"zh-Hans\",\"@id\":\"https:\\\/\\\/defilippi-sculpture.com\\\/zh-hans#\\\/schema\\\/logo\\\/image\\\/\",\"url\":\"https:\\\/\\\/defilippi-sculpture.com\\\/wp-content\\\/uploads\\\/2022\\\/12\\\/Logo-Memoire-Aquatique-1-200x200-copie.png\",\"contentUrl\":\"https:\\\/\\\/defilippi-sculpture.com\\\/wp-content\\\/uploads\\\/2022\\\/12\\\/Logo-Memoire-Aquatique-1-200x200-copie.png\",\"width\":100,\"height\":100,\"caption\":\"SCULPTURE - DE FILIPPI\"},\"image\":{\"@id\":\"https:\\\/\\\/defilippi-sculpture.com\\\/zh-hans#\\\/schema\\\/logo\\\/image\\\/\"}}]}<\/script>\n<!-- \/ Yoast SEO plugin. -->","yoast_head_json":{"title":"4 - DEFILIPPI SCULPTURE","description":"DEFILIPPI SCULPTURE - 4","robots":{"index":"index","follow":"follow","max-snippet":"max-snippet:-1","max-image-preview":"max-image-preview:large","max-video-preview":"max-video-preview:-1"},"canonical":"https:\/\/defilippi-sculpture.com\/zh-hans\/4-2","og_locale":"zh_CN","og_type":"article","og_title":"4 - DEFILIPPI SCULPTURE","og_description":"DEFILIPPI SCULPTURE - 4","og_url":"https:\/\/defilippi-sculpture.com\/zh-hans\/4-2","og_site_name":"DEFILIPPI SCULPTURE","article_modified_time":"2025-12-12T15:36:26+00:00","twitter_card":"summary_large_image","twitter_misc":{"\u9884\u8ba1\u9605\u8bfb\u65f6\u95f4":"7 \u5206"},"schema":{"@context":"https:\/\/schema.org","@graph":[{"@type":"WebPage","@id":"https:\/\/defilippi-sculpture.com\/zh-hans\/4-2","url":"https:\/\/defilippi-sculpture.com\/zh-hans\/4-2","name":"4 - DEFILIPPI SCULPTURE","isPartOf":{"@id":"https:\/\/defilippi-sculpture.com\/zh-hans#website"},"datePublished":"2022-12-14T23:13:18+00:00","dateModified":"2025-12-12T15:36:26+00:00","description":"DEFILIPPI SCULPTURE - 4","breadcrumb":{"@id":"https:\/\/defilippi-sculpture.com\/zh-hans\/4-2#breadcrumb"},"inLanguage":"zh-Hans","potentialAction":[{"@type":"ReadAction","target":["https:\/\/defilippi-sculpture.com\/zh-hans\/4-2"]}]},{"@type":"BreadcrumbList","@id":"https:\/\/defilippi-sculpture.com\/zh-hans\/4-2#breadcrumb","itemListElement":[{"@type":"ListItem","position":1,"name":"Accueil","item":"https:\/\/defilippi-sculpture.com\/zh-hans\/%e9%a6%96%e9%a1%b5"},{"@type":"ListItem","position":2,"name":"4"}]},{"@type":"WebSite","@id":"https:\/\/defilippi-sculpture.com\/zh-hans#website","url":"https:\/\/defilippi-sculpture.com\/zh-hans","name":"DEFILIPPI - SCULPTURE","description":"SCULPTURES en Marbres \u2013 Granits ou Bronzes","publisher":{"@id":"https:\/\/defilippi-sculpture.com\/zh-hans#organization"},"alternateName":"Sculptures en Marbres \u2013 Granits \u2013 Bronzes","potentialAction":[{"@type":"SearchAction","target":{"@type":"EntryPoint","urlTemplate":"https:\/\/defilippi-sculpture.com\/zh-hans?s={search_term_string}"},"query-input":{"@type":"PropertyValueSpecification","valueRequired":true,"valueName":"search_term_string"}}],"inLanguage":"zh-Hans"},{"@type":"Organization","@id":"https:\/\/defilippi-sculpture.com\/zh-hans#organization","name":"SCULPTURE - DE FILIPPI","alternateName":"DE FILIPPI - Sculptures - Marbres \u2013 Granits \u2013 Bronzes","url":"https:\/\/defilippi-sculpture.com\/zh-hans","logo":{"@type":"ImageObject","inLanguage":"zh-Hans","@id":"https:\/\/defilippi-sculpture.com\/zh-hans#\/schema\/logo\/image\/","url":"https:\/\/defilippi-sculpture.com\/wp-content\/uploads\/2022\/12\/Logo-Memoire-Aquatique-1-200x200-copie.png","contentUrl":"https:\/\/defilippi-sculpture.com\/wp-content\/uploads\/2022\/12\/Logo-Memoire-Aquatique-1-200x200-copie.png","width":100,"height":100,"caption":"SCULPTURE - DE FILIPPI"},"image":{"@id":"https:\/\/defilippi-sculpture.com\/zh-hans#\/schema\/logo\/image\/"}}]}},"_links":{"self":[{"href":"https:\/\/defilippi-sculpture.com\/zh-hans\/wp-json\/wp\/v2\/pages\/1306","targetHints":{"allow":["GET"]}}],"collection":[{"href":"https:\/\/defilippi-sculpture.com\/zh-hans\/wp-json\/wp\/v2\/pages"}],"about":[{"href":"https:\/\/defilippi-sculpture.com\/zh-hans\/wp-json\/wp\/v2\/types\/page"}],"author":[{"embeddable":true,"href":"https:\/\/defilippi-sculpture.com\/zh-hans\/wp-json\/wp\/v2\/users\/1"}],"replies":[{"embeddable":true,"href":"https:\/\/defilippi-sculpture.com\/zh-hans\/wp-json\/wp\/v2\/comments?post=1306"}],"version-history":[{"count":10,"href":"https:\/\/defilippi-sculpture.com\/zh-hans\/wp-json\/wp\/v2\/pages\/1306\/revisions"}],"predecessor-version":[{"id":1352,"href":"https:\/\/defilippi-sculpture.com\/zh-hans\/wp-json\/wp\/v2\/pages\/1306\/revisions\/1352"}],"wp:attachment":[{"href":"https:\/\/defilippi-sculpture.com\/zh-hans\/wp-json\/wp\/v2\/media?parent=1306"}],"curies":[{"name":"wp","href":"https:\/\/api.w.org\/{rel}","templated":true}]}}