{"id":674,"date":"2022-12-06T10:55:52","date_gmt":"2022-12-06T10:55:52","guid":{"rendered":"https:\/\/defilippi-sculpture.com\/oeffentliche-skulpturen"},"modified":"2022-12-14T17:48:44","modified_gmt":"2022-12-14T17:48:44","slug":"oeffentliche-skulpturen","status":"publish","type":"page","link":"https:\/\/defilippi-sculpture.com\/de\/oeffentliche-skulpturen","title":{"rendered":"\u00d6ffentliche Skulpturen"},"content":{"rendered":"<p>[et_pb_section fb_built=&#8220;1&#8243; _builder_version=&#8220;4.19.1&#8243; _module_preset=&#8220;default&#8220; global_colors_info=&#8220;{}&#8220; custom_padding=&#8220;0px|||||&#8220;][et_pb_row _builder_version=&#8220;4.19.1&#8243; _module_preset=&#8220;default&#8220; global_colors_info=&#8220;{}&#8220;][et_pb_column type=&#8220;4_4&#8243; _builder_version=&#8220;4.19.1&#8243; _module_preset=&#8220;default&#8220; global_colors_info=&#8220;{}&#8220;][et_pb_text _builder_version=&#8220;4.19.3&#8243; _module_preset=&#8220;default&#8220; text_text_color=&#8220;#000000&#8243; text_line_height=&#8220;1em&#8220; header_text_color=&#8220;#ff9900&#8243; hover_enabled=&#8220;0&#8243; global_colors_info=&#8220;{}&#8220; text_font_size=&#8220;16px&#8220; sticky_enabled=&#8220;0&#8243;]<\/p>\n<h1>H\u00c4NDE<\/h1>\n<p>&nbsp;<\/p>\n<p>&#8222;Die Hand ist ein Leitmotiv bei der Erstellung von<\/p>\n<p>Marie-Claire de Filippi, am h\u00e4ufigsten unterw\u00fcrfig<\/p>\n<p><span class=\"Apple-converted-space\"> <\/span>zu Metamorphosen, die denen der<span class=\"Apple-converted-space\"> <\/span><\/p>\n<p>der oben erw\u00e4hnten menschlichen Formen.<\/p>\n<p>Zwei Werke erreichen eine au\u00dfergew\u00f6hnliche Intensit\u00e4t:<\/p>\n<p>Die Welle, deren Walze zur Hand wird und deren Kamm<span class=\"Apple-converted-space\"> <\/span><\/p>\n<p>wird zu Fingern, unz\u00e4hligen Fingern, aus denen der Schaum flie\u00dft &#8230;<\/p>\n<p>Und dann diese fantastische Naiade mit dem Wellenhaar,<span class=\"Apple-converted-space\"> <\/span><\/p>\n<p>Sie war in sich zusammengesunken und hatte einen Arm \u00fcber der Brust gefaltet.<\/p>\n<p><span class=\"Apple-converted-space\"> <\/span>auf der gegen\u00fcberliegenden Schulter, und die Hand, die Hand dieses Arms, riesengro\u00df,<span class=\"Apple-converted-space\"> <\/span><\/p>\n<p>riesig, umh\u00fcllt den ganzen R\u00fccken und sch\u00fctzt ihn!<\/p>\n<p>Diese H\u00e4nde, das Eigene des Menschen, k\u00f6nnte man sagen,<span class=\"Apple-converted-space\"> <\/span><\/p>\n<p>diese H\u00e4nde, die in den anthropologischen Quellen unterscheiden<span class=\"Apple-converted-space\"> <\/span><\/p>\n<p>der Mensch von anderen Arten.<\/p>\n<p>Diese sch\u00f6pferischen H\u00e4nde, durch die er seine Gedanken flie\u00dfen l\u00e4sst<span class=\"Apple-converted-space\"> <\/span><\/p>\n<p>in der Materie, was die eigentliche Kunst des Bildhauers ist&#8220;.<\/p>\n<p>&nbsp;<\/p>\n<p>Pierre Dallaire<span class=\"Apple-converted-space\"> <\/span><\/p>\n<p>Kunstkritik &#8211; Auszug<\/p>\n<p>[\/et_pb_text][\/et_pb_column][\/et_pb_row][et_pb_row _builder_version=&#8220;4.19.1&#8243; _module_preset=&#8220;default&#8220; global_colors_info=&#8220;{}&#8220;][et_pb_column type=&#8220;4_4&#8243; _builder_version=&#8220;4.19.1&#8243; _module_preset=&#8220;default&#8220; global_colors_info=&#8220;{}&#8220;][et_pb_video src=&#8220;https:\/\/defilippi-sculpture.com\/wp-content\/uploads\/2022\/12\/2-Video-Sculp-Publiques.mp4&#8243; image_src=&#8220;https:\/\/defilippi-sculpture.com\/wp-content\/uploads\/2022\/12\/Capture-decran-2022-12-08-a-16.10.01.png&#8220; _builder_version=&#8220;4.19.2&#8243; _module_preset=&#8220;default&#8220; global_colors_info=&#8220;{}&#8220;][\/et_pb_video][\/et_pb_column][\/et_pb_row][et_pb_row _builder_version=&#8220;4.19.3&#8243; _module_preset=&#8220;default&#8220; global_colors_info=&#8220;{}&#8220;][et_pb_column type=&#8220;4_4&#8243; _builder_version=&#8220;4.19.3&#8243; _module_preset=&#8220;default&#8220; global_colors_info=&#8220;{}&#8220;][et_pb_text _builder_version=&#8220;4.19.3&#8243; _module_preset=&#8220;default&#8220; link_text_color=&#8220;#000000&#8243; locked=&#8220;off&#8220; global_colors_info=&#8220;{}&#8220;]<\/p>\n<p style=\"text-align: center;\"><a href=\"https:\/\/defilippi-sculpture.com\/de\/privat\">Privat<\/a><\/p>\n<p style=\"text-align: center;\"><a href=\"https:\/\/defilippi-sculpture.com\/de\/zu-verkaufen-oder-zu-vermieten\">Zu verkaufen oder zu vermieten<\/a><\/p>\n<p style=\"text-align: center;\"><a href=\"https:\/\/defilippi-sculpture.com\/de\/presse\">Presse<\/a><\/p>\n<p style=\"text-align: center;\"><a href=\"https:\/\/defilippi-sculpture.com\/de\/kontakt\">Kontakt<\/a><\/p>\n<p>[\/et_pb_text][\/et_pb_column][\/et_pb_row][\/et_pb_section]<\/p>\n","protected":false},"excerpt":{"rendered":"<p>H\u00c4NDE &nbsp; &#8222;Die Hand ist ein Leitmotiv bei der Erstellung von Marie-Claire de Filippi, am h\u00e4ufigsten unterw\u00fcrfig zu Metamorphosen, die denen der der oben erw\u00e4hnten menschlichen Formen. Zwei Werke erreichen eine au\u00dfergew\u00f6hnliche Intensit\u00e4t: Die Welle, deren Walze zur Hand wird und deren Kamm wird zu Fingern, unz\u00e4hligen Fingern, aus denen der Schaum flie\u00dft &#8230; Und [&hellip;]<\/p>\n","protected":false},"author":1,"featured_media":0,"parent":0,"menu_order":0,"comment_status":"closed","ping_status":"closed","template":"","meta":{"_et_pb_use_builder":"on","_et_pb_old_content":"","_et_gb_content_width":"","footnotes":""},"class_list":["post-674","page","type-page","status-publish","hentry"],"yoast_head":"<!-- This site is optimized with the Yoast SEO plugin v27.4 - https:\/\/yoast.com\/product\/yoast-seo-wordpress\/ -->\n<title>\u00d6ffentliche Skulpturen - DEFILIPPI SCULPTURE<\/title>\n<meta name=\"description\" content=\"DEFILIPPI SCULPTURE - \u00d6ffentliche Skulpturen\" \/>\n<meta name=\"robots\" content=\"index, follow, max-snippet:-1, max-image-preview:large, max-video-preview:-1\" \/>\n<link rel=\"canonical\" href=\"https:\/\/defilippi-sculpture.com\/de\/oeffentliche-skulpturen\" \/>\n<meta property=\"og:locale\" content=\"de_DE\" \/>\n<meta property=\"og:type\" content=\"article\" \/>\n<meta property=\"og:title\" content=\"\u00d6ffentliche Skulpturen - DEFILIPPI SCULPTURE\" \/>\n<meta property=\"og:description\" content=\"DEFILIPPI SCULPTURE - \u00d6ffentliche Skulpturen\" \/>\n<meta property=\"og:url\" content=\"https:\/\/defilippi-sculpture.com\/de\/oeffentliche-skulpturen\" \/>\n<meta property=\"og:site_name\" content=\"DEFILIPPI SCULPTURE\" \/>\n<meta property=\"article:modified_time\" content=\"2022-12-14T17:48:44+00:00\" \/>\n<meta name=\"twitter:card\" content=\"summary_large_image\" \/>\n<meta name=\"twitter:label1\" content=\"Gesch\u00e4tzte Lesezeit\" \/>\n\t<meta name=\"twitter:data1\" content=\"2\u00a0Minuten\" \/>\n<script type=\"application\/ld+json\" class=\"yoast-schema-graph\">{\"@context\":\"https:\\\/\\\/schema.org\",\"@graph\":[{\"@type\":\"WebPage\",\"@id\":\"https:\\\/\\\/defilippi-sculpture.com\\\/de\\\/oeffentliche-skulpturen\",\"url\":\"https:\\\/\\\/defilippi-sculpture.com\\\/de\\\/oeffentliche-skulpturen\",\"name\":\"\u00d6ffentliche Skulpturen - DEFILIPPI SCULPTURE\",\"isPartOf\":{\"@id\":\"https:\\\/\\\/defilippi-sculpture.com\\\/de#website\"},\"datePublished\":\"2022-12-06T10:55:52+00:00\",\"dateModified\":\"2022-12-14T17:48:44+00:00\",\"description\":\"DEFILIPPI SCULPTURE - \u00d6ffentliche Skulpturen\",\"breadcrumb\":{\"@id\":\"https:\\\/\\\/defilippi-sculpture.com\\\/de\\\/oeffentliche-skulpturen#breadcrumb\"},\"inLanguage\":\"de\",\"potentialAction\":[{\"@type\":\"ReadAction\",\"target\":[\"https:\\\/\\\/defilippi-sculpture.com\\\/de\\\/oeffentliche-skulpturen\"]}]},{\"@type\":\"BreadcrumbList\",\"@id\":\"https:\\\/\\\/defilippi-sculpture.com\\\/de\\\/oeffentliche-skulpturen#breadcrumb\",\"itemListElement\":[{\"@type\":\"ListItem\",\"position\":1,\"name\":\"Accueil\",\"item\":\"https:\\\/\\\/defilippi-sculpture.com\\\/de\\\/startseite\"},{\"@type\":\"ListItem\",\"position\":2,\"name\":\"\u00d6ffentliche Skulpturen\"}]},{\"@type\":\"WebSite\",\"@id\":\"https:\\\/\\\/defilippi-sculpture.com\\\/de#website\",\"url\":\"https:\\\/\\\/defilippi-sculpture.com\\\/de\",\"name\":\"DEFILIPPI - SCULPTURE\",\"description\":\"SCULPTURES en Marbres \u2013 Granits ou Bronzes\",\"publisher\":{\"@id\":\"https:\\\/\\\/defilippi-sculpture.com\\\/de#organization\"},\"alternateName\":\"Sculptures en Marbres \u2013 Granits \u2013 Bronzes\",\"potentialAction\":[{\"@type\":\"SearchAction\",\"target\":{\"@type\":\"EntryPoint\",\"urlTemplate\":\"https:\\\/\\\/defilippi-sculpture.com\\\/de?s={search_term_string}\"},\"query-input\":{\"@type\":\"PropertyValueSpecification\",\"valueRequired\":true,\"valueName\":\"search_term_string\"}}],\"inLanguage\":\"de\"},{\"@type\":\"Organization\",\"@id\":\"https:\\\/\\\/defilippi-sculpture.com\\\/de#organization\",\"name\":\"SCULPTURE - DE FILIPPI\",\"alternateName\":\"DE FILIPPI - Sculptures - Marbres \u2013 Granits \u2013 Bronzes\",\"url\":\"https:\\\/\\\/defilippi-sculpture.com\\\/de\",\"logo\":{\"@type\":\"ImageObject\",\"inLanguage\":\"de\",\"@id\":\"https:\\\/\\\/defilippi-sculpture.com\\\/de#\\\/schema\\\/logo\\\/image\\\/\",\"url\":\"https:\\\/\\\/defilippi-sculpture.com\\\/wp-content\\\/uploads\\\/2022\\\/12\\\/Logo-Memoire-Aquatique-1-200x200-copie.png\",\"contentUrl\":\"https:\\\/\\\/defilippi-sculpture.com\\\/wp-content\\\/uploads\\\/2022\\\/12\\\/Logo-Memoire-Aquatique-1-200x200-copie.png\",\"width\":100,\"height\":100,\"caption\":\"SCULPTURE - DE FILIPPI\"},\"image\":{\"@id\":\"https:\\\/\\\/defilippi-sculpture.com\\\/de#\\\/schema\\\/logo\\\/image\\\/\"}}]}<\/script>\n<!-- \/ Yoast SEO plugin. -->","yoast_head_json":{"title":"\u00d6ffentliche Skulpturen - DEFILIPPI SCULPTURE","description":"DEFILIPPI SCULPTURE - \u00d6ffentliche Skulpturen","robots":{"index":"index","follow":"follow","max-snippet":"max-snippet:-1","max-image-preview":"max-image-preview:large","max-video-preview":"max-video-preview:-1"},"canonical":"https:\/\/defilippi-sculpture.com\/de\/oeffentliche-skulpturen","og_locale":"de_DE","og_type":"article","og_title":"\u00d6ffentliche Skulpturen - DEFILIPPI SCULPTURE","og_description":"DEFILIPPI SCULPTURE - \u00d6ffentliche Skulpturen","og_url":"https:\/\/defilippi-sculpture.com\/de\/oeffentliche-skulpturen","og_site_name":"DEFILIPPI SCULPTURE","article_modified_time":"2022-12-14T17:48:44+00:00","twitter_card":"summary_large_image","twitter_misc":{"Gesch\u00e4tzte Lesezeit":"2\u00a0Minuten"},"schema":{"@context":"https:\/\/schema.org","@graph":[{"@type":"WebPage","@id":"https:\/\/defilippi-sculpture.com\/de\/oeffentliche-skulpturen","url":"https:\/\/defilippi-sculpture.com\/de\/oeffentliche-skulpturen","name":"\u00d6ffentliche Skulpturen - DEFILIPPI SCULPTURE","isPartOf":{"@id":"https:\/\/defilippi-sculpture.com\/de#website"},"datePublished":"2022-12-06T10:55:52+00:00","dateModified":"2022-12-14T17:48:44+00:00","description":"DEFILIPPI SCULPTURE - \u00d6ffentliche Skulpturen","breadcrumb":{"@id":"https:\/\/defilippi-sculpture.com\/de\/oeffentliche-skulpturen#breadcrumb"},"inLanguage":"de","potentialAction":[{"@type":"ReadAction","target":["https:\/\/defilippi-sculpture.com\/de\/oeffentliche-skulpturen"]}]},{"@type":"BreadcrumbList","@id":"https:\/\/defilippi-sculpture.com\/de\/oeffentliche-skulpturen#breadcrumb","itemListElement":[{"@type":"ListItem","position":1,"name":"Accueil","item":"https:\/\/defilippi-sculpture.com\/de\/startseite"},{"@type":"ListItem","position":2,"name":"\u00d6ffentliche Skulpturen"}]},{"@type":"WebSite","@id":"https:\/\/defilippi-sculpture.com\/de#website","url":"https:\/\/defilippi-sculpture.com\/de","name":"DEFILIPPI - SCULPTURE","description":"SCULPTURES en Marbres \u2013 Granits ou Bronzes","publisher":{"@id":"https:\/\/defilippi-sculpture.com\/de#organization"},"alternateName":"Sculptures en Marbres \u2013 Granits \u2013 Bronzes","potentialAction":[{"@type":"SearchAction","target":{"@type":"EntryPoint","urlTemplate":"https:\/\/defilippi-sculpture.com\/de?s={search_term_string}"},"query-input":{"@type":"PropertyValueSpecification","valueRequired":true,"valueName":"search_term_string"}}],"inLanguage":"de"},{"@type":"Organization","@id":"https:\/\/defilippi-sculpture.com\/de#organization","name":"SCULPTURE - DE FILIPPI","alternateName":"DE FILIPPI - Sculptures - Marbres \u2013 Granits \u2013 Bronzes","url":"https:\/\/defilippi-sculpture.com\/de","logo":{"@type":"ImageObject","inLanguage":"de","@id":"https:\/\/defilippi-sculpture.com\/de#\/schema\/logo\/image\/","url":"https:\/\/defilippi-sculpture.com\/wp-content\/uploads\/2022\/12\/Logo-Memoire-Aquatique-1-200x200-copie.png","contentUrl":"https:\/\/defilippi-sculpture.com\/wp-content\/uploads\/2022\/12\/Logo-Memoire-Aquatique-1-200x200-copie.png","width":100,"height":100,"caption":"SCULPTURE - DE FILIPPI"},"image":{"@id":"https:\/\/defilippi-sculpture.com\/de#\/schema\/logo\/image\/"}}]}},"_links":{"self":[{"href":"https:\/\/defilippi-sculpture.com\/de\/wp-json\/wp\/v2\/pages\/674","targetHints":{"allow":["GET"]}}],"collection":[{"href":"https:\/\/defilippi-sculpture.com\/de\/wp-json\/wp\/v2\/pages"}],"about":[{"href":"https:\/\/defilippi-sculpture.com\/de\/wp-json\/wp\/v2\/types\/page"}],"author":[{"embeddable":true,"href":"https:\/\/defilippi-sculpture.com\/de\/wp-json\/wp\/v2\/users\/1"}],"replies":[{"embeddable":true,"href":"https:\/\/defilippi-sculpture.com\/de\/wp-json\/wp\/v2\/comments?post=674"}],"version-history":[{"count":5,"href":"https:\/\/defilippi-sculpture.com\/de\/wp-json\/wp\/v2\/pages\/674\/revisions"}],"predecessor-version":[{"id":679,"href":"https:\/\/defilippi-sculpture.com\/de\/wp-json\/wp\/v2\/pages\/674\/revisions\/679"}],"wp:attachment":[{"href":"https:\/\/defilippi-sculpture.com\/de\/wp-json\/wp\/v2\/media?parent=674"}],"curies":[{"name":"wp","href":"https:\/\/api.w.org\/{rel}","templated":true}]}}