{"id":649,"date":"2022-12-06T10:56:02","date_gmt":"2022-12-06T10:56:02","guid":{"rendered":"https:\/\/defilippi-sculpture.com\/privat"},"modified":"2022-12-14T17:41:09","modified_gmt":"2022-12-14T17:41:09","slug":"privat","status":"publish","type":"page","link":"https:\/\/defilippi-sculpture.com\/de\/privat","title":{"rendered":"Privat"},"content":{"rendered":"<p>[et_pb_section fb_built=&#8220;1&#8243; _builder_version=&#8220;4.19.1&#8243; _module_preset=&#8220;default&#8220; global_colors_info=&#8220;{}&#8220;][et_pb_row _builder_version=&#8220;4.19.1&#8243; _module_preset=&#8220;default&#8220; global_colors_info=&#8220;{}&#8220;][et_pb_column type=&#8220;4_4&#8243; _builder_version=&#8220;4.19.1&#8243; _module_preset=&#8220;default&#8220; global_colors_info=&#8220;{}&#8220;][et_pb_text _builder_version=&#8220;4.19.1&#8243; _module_preset=&#8220;default&#8220; text_text_color=&#8220;#000000&#8243; text_font_size=&#8220;16px&#8220; text_line_height=&#8220;1.4em&#8220; header_text_color=&#8220;#ff9900&#8243; global_colors_info=&#8220;{}&#8220;]<\/p>\n<p style=\"text-align: center;\"><strong>Gegen den Strom<\/strong><\/p>\n<p style=\"text-align: left;\">&#8222;Seine Beherrschung des direkten Schnitts verleiht ihm die Beherrschung der Anatomie und erm\u00f6glicht es ihm, sie ohne Inkoh\u00e4renz den Metamorphosen zu unterziehen, die ihm seine Vorstellungskraft diktiert. Aus diesem Grund sind seine Werke, so seltsam sie auch sein m\u00f6gen, von Grund auf sch\u00f6n. Sie sind sch\u00f6n wegen der Qualit\u00e4t ihrer Ausf\u00fchrung, wegen der Harmonie ihrer Formen, wegen ihrer Seltsamkeit, wegen des Geheimnisses, das sie ausstrahlen, wegen der Unruhe, die sie hervorrufen. Das Fantastische, das auf diese Weise geschaffen wird, ist von Natur aus skulptural. Es entsteht durch die Schneide des Mei\u00dfels und die Spitze des Stiftes, die Rillen in das Werk schneiden, deren Parallelit\u00e4t eine strenge Ordnung in das Zuf\u00e4llige bringt.<br \/>&#8222;Es ist sicher, dass Marie-Claire de FILIPPIs Werk sich nicht in die aktuelle figurative Kunst einreiht, klassisch durch den Anteil, den die Statue darin einnimmt, traumhaft, fantastisch, es ist eigenst\u00e4ndig, unabh\u00e4ngig&#8220;.<\/p>\n<p style=\"text-align: right;\">Pierre DALLAIRE<\/p>\n<p style=\"text-align: right;\">Kunstkritik<\/p>\n<p>[\/et_pb_text][\/et_pb_column][\/et_pb_row][et_pb_row _builder_version=&#8220;4.19.1&#8243; _module_preset=&#8220;default&#8220; global_colors_info=&#8220;{}&#8220;][et_pb_column type=&#8220;4_4&#8243; _builder_version=&#8220;4.19.1&#8243; _module_preset=&#8220;default&#8220; global_colors_info=&#8220;{}&#8220;][et_pb_video src=&#8220;https:\/\/defilippi-sculpture.com\/wp-content\/uploads\/2022\/12\/3-V-sculptures-vendues.mp4&#8243; image_src=&#8220;https:\/\/defilippi-sculpture.com\/wp-content\/uploads\/2022\/12\/Capture-decran-2022-12-08-a-16.11.53.png&#8220; _builder_version=&#8220;4.19.2&#8243; _module_preset=&#8220;default&#8220; global_colors_info=&#8220;{}&#8220;][\/et_pb_video][\/et_pb_column][\/et_pb_row][et_pb_row _builder_version=&#8220;4.19.3&#8243; _module_preset=&#8220;default&#8220;][et_pb_column _builder_version=&#8220;4.19.3&#8243; _module_preset=&#8220;default&#8220; type=&#8220;4_4&#8243;][et_pb_text _builder_version=&#8220;4.19.3&#8243; _module_preset=&#8220;default&#8220; link_text_color=&#8220;#000000&#8243; hover_enabled=&#8220;0&#8243; sticky_enabled=&#8220;0&#8243; locked=&#8220;off&#8220;]<\/p>\n<p style=\"text-align: center;\"><a href=\"https:\/\/defilippi-sculpture.com\/de\/oeffentliche-skulpturen\">\u00d6ffentliche Skulpturen<\/a><\/p>\n<p style=\"text-align: center;\"><a href=\"https:\/\/defilippi-sculpture.com\/de\/zu-verkaufen-oder-zu-vermieten\">Zu verkaufen oder zu vermieten<\/a><\/p>\n<p style=\"text-align: center;\"><a href=\"https:\/\/defilippi-sculpture.com\/de\/presse\">Presse<\/a><\/p>\n<p style=\"text-align: center;\"><a href=\"https:\/\/defilippi-sculpture.com\/de\/kontakt\">Kontakt<\/a><\/p>\n<p>[\/et_pb_text][\/et_pb_column][\/et_pb_row][\/et_pb_section]<\/p>\n","protected":false},"excerpt":{"rendered":"<p>Gegen den Strom &#8222;Seine Beherrschung des direkten Schnitts verleiht ihm die Beherrschung der Anatomie und erm\u00f6glicht es ihm, sie ohne Inkoh\u00e4renz den Metamorphosen zu unterziehen, die ihm seine Vorstellungskraft diktiert. Aus diesem Grund sind seine Werke, so seltsam sie auch sein m\u00f6gen, von Grund auf sch\u00f6n. Sie sind sch\u00f6n wegen der Qualit\u00e4t ihrer Ausf\u00fchrung, wegen [&hellip;]<\/p>\n","protected":false},"author":1,"featured_media":0,"parent":0,"menu_order":0,"comment_status":"closed","ping_status":"closed","template":"","meta":{"_et_pb_use_builder":"on","_et_pb_old_content":"","_et_gb_content_width":"","footnotes":""},"class_list":["post-649","page","type-page","status-publish","hentry"],"yoast_head":"<!-- This site is optimized with the Yoast SEO plugin v27.4 - https:\/\/yoast.com\/product\/yoast-seo-wordpress\/ -->\n<title>Privat - DEFILIPPI SCULPTURE<\/title>\n<meta name=\"description\" content=\"DEFILIPPI SCULPTURE - Privat\" \/>\n<meta name=\"robots\" content=\"index, follow, max-snippet:-1, max-image-preview:large, max-video-preview:-1\" \/>\n<link rel=\"canonical\" href=\"https:\/\/defilippi-sculpture.com\/de\/privat\" \/>\n<meta property=\"og:locale\" content=\"de_DE\" \/>\n<meta property=\"og:type\" content=\"article\" \/>\n<meta property=\"og:title\" content=\"Privat - DEFILIPPI SCULPTURE\" \/>\n<meta property=\"og:description\" content=\"DEFILIPPI SCULPTURE - Privat\" \/>\n<meta property=\"og:url\" content=\"https:\/\/defilippi-sculpture.com\/de\/privat\" \/>\n<meta property=\"og:site_name\" content=\"DEFILIPPI SCULPTURE\" \/>\n<meta property=\"article:modified_time\" content=\"2022-12-14T17:41:09+00:00\" \/>\n<meta name=\"twitter:card\" content=\"summary_large_image\" \/>\n<meta name=\"twitter:label1\" content=\"Gesch\u00e4tzte Lesezeit\" \/>\n\t<meta name=\"twitter:data1\" content=\"2\u00a0Minuten\" \/>\n<script type=\"application\/ld+json\" class=\"yoast-schema-graph\">{\"@context\":\"https:\\\/\\\/schema.org\",\"@graph\":[{\"@type\":\"WebPage\",\"@id\":\"https:\\\/\\\/defilippi-sculpture.com\\\/de\\\/privat\",\"url\":\"https:\\\/\\\/defilippi-sculpture.com\\\/de\\\/privat\",\"name\":\"Privat - DEFILIPPI SCULPTURE\",\"isPartOf\":{\"@id\":\"https:\\\/\\\/defilippi-sculpture.com\\\/de#website\"},\"datePublished\":\"2022-12-06T10:56:02+00:00\",\"dateModified\":\"2022-12-14T17:41:09+00:00\",\"description\":\"DEFILIPPI SCULPTURE - Privat\",\"breadcrumb\":{\"@id\":\"https:\\\/\\\/defilippi-sculpture.com\\\/de\\\/privat#breadcrumb\"},\"inLanguage\":\"de\",\"potentialAction\":[{\"@type\":\"ReadAction\",\"target\":[\"https:\\\/\\\/defilippi-sculpture.com\\\/de\\\/privat\"]}]},{\"@type\":\"BreadcrumbList\",\"@id\":\"https:\\\/\\\/defilippi-sculpture.com\\\/de\\\/privat#breadcrumb\",\"itemListElement\":[{\"@type\":\"ListItem\",\"position\":1,\"name\":\"Accueil\",\"item\":\"https:\\\/\\\/defilippi-sculpture.com\\\/de\\\/startseite\"},{\"@type\":\"ListItem\",\"position\":2,\"name\":\"Privat\"}]},{\"@type\":\"WebSite\",\"@id\":\"https:\\\/\\\/defilippi-sculpture.com\\\/de#website\",\"url\":\"https:\\\/\\\/defilippi-sculpture.com\\\/de\",\"name\":\"DEFILIPPI - SCULPTURE\",\"description\":\"SCULPTURES en Marbres \u2013 Granits ou Bronzes\",\"publisher\":{\"@id\":\"https:\\\/\\\/defilippi-sculpture.com\\\/de#organization\"},\"alternateName\":\"Sculptures en Marbres \u2013 Granits \u2013 Bronzes\",\"potentialAction\":[{\"@type\":\"SearchAction\",\"target\":{\"@type\":\"EntryPoint\",\"urlTemplate\":\"https:\\\/\\\/defilippi-sculpture.com\\\/de?s={search_term_string}\"},\"query-input\":{\"@type\":\"PropertyValueSpecification\",\"valueRequired\":true,\"valueName\":\"search_term_string\"}}],\"inLanguage\":\"de\"},{\"@type\":\"Organization\",\"@id\":\"https:\\\/\\\/defilippi-sculpture.com\\\/de#organization\",\"name\":\"SCULPTURE - DE FILIPPI\",\"alternateName\":\"DE FILIPPI - Sculptures - Marbres \u2013 Granits \u2013 Bronzes\",\"url\":\"https:\\\/\\\/defilippi-sculpture.com\\\/de\",\"logo\":{\"@type\":\"ImageObject\",\"inLanguage\":\"de\",\"@id\":\"https:\\\/\\\/defilippi-sculpture.com\\\/de#\\\/schema\\\/logo\\\/image\\\/\",\"url\":\"https:\\\/\\\/defilippi-sculpture.com\\\/wp-content\\\/uploads\\\/2022\\\/12\\\/Logo-Memoire-Aquatique-1-200x200-copie.png\",\"contentUrl\":\"https:\\\/\\\/defilippi-sculpture.com\\\/wp-content\\\/uploads\\\/2022\\\/12\\\/Logo-Memoire-Aquatique-1-200x200-copie.png\",\"width\":100,\"height\":100,\"caption\":\"SCULPTURE - DE FILIPPI\"},\"image\":{\"@id\":\"https:\\\/\\\/defilippi-sculpture.com\\\/de#\\\/schema\\\/logo\\\/image\\\/\"}}]}<\/script>\n<!-- \/ Yoast SEO plugin. -->","yoast_head_json":{"title":"Privat - DEFILIPPI SCULPTURE","description":"DEFILIPPI SCULPTURE - Privat","robots":{"index":"index","follow":"follow","max-snippet":"max-snippet:-1","max-image-preview":"max-image-preview:large","max-video-preview":"max-video-preview:-1"},"canonical":"https:\/\/defilippi-sculpture.com\/de\/privat","og_locale":"de_DE","og_type":"article","og_title":"Privat - DEFILIPPI SCULPTURE","og_description":"DEFILIPPI SCULPTURE - Privat","og_url":"https:\/\/defilippi-sculpture.com\/de\/privat","og_site_name":"DEFILIPPI SCULPTURE","article_modified_time":"2022-12-14T17:41:09+00:00","twitter_card":"summary_large_image","twitter_misc":{"Gesch\u00e4tzte Lesezeit":"2\u00a0Minuten"},"schema":{"@context":"https:\/\/schema.org","@graph":[{"@type":"WebPage","@id":"https:\/\/defilippi-sculpture.com\/de\/privat","url":"https:\/\/defilippi-sculpture.com\/de\/privat","name":"Privat - DEFILIPPI SCULPTURE","isPartOf":{"@id":"https:\/\/defilippi-sculpture.com\/de#website"},"datePublished":"2022-12-06T10:56:02+00:00","dateModified":"2022-12-14T17:41:09+00:00","description":"DEFILIPPI SCULPTURE - Privat","breadcrumb":{"@id":"https:\/\/defilippi-sculpture.com\/de\/privat#breadcrumb"},"inLanguage":"de","potentialAction":[{"@type":"ReadAction","target":["https:\/\/defilippi-sculpture.com\/de\/privat"]}]},{"@type":"BreadcrumbList","@id":"https:\/\/defilippi-sculpture.com\/de\/privat#breadcrumb","itemListElement":[{"@type":"ListItem","position":1,"name":"Accueil","item":"https:\/\/defilippi-sculpture.com\/de\/startseite"},{"@type":"ListItem","position":2,"name":"Privat"}]},{"@type":"WebSite","@id":"https:\/\/defilippi-sculpture.com\/de#website","url":"https:\/\/defilippi-sculpture.com\/de","name":"DEFILIPPI - SCULPTURE","description":"SCULPTURES en Marbres \u2013 Granits ou Bronzes","publisher":{"@id":"https:\/\/defilippi-sculpture.com\/de#organization"},"alternateName":"Sculptures en Marbres \u2013 Granits \u2013 Bronzes","potentialAction":[{"@type":"SearchAction","target":{"@type":"EntryPoint","urlTemplate":"https:\/\/defilippi-sculpture.com\/de?s={search_term_string}"},"query-input":{"@type":"PropertyValueSpecification","valueRequired":true,"valueName":"search_term_string"}}],"inLanguage":"de"},{"@type":"Organization","@id":"https:\/\/defilippi-sculpture.com\/de#organization","name":"SCULPTURE - DE FILIPPI","alternateName":"DE FILIPPI - Sculptures - Marbres \u2013 Granits \u2013 Bronzes","url":"https:\/\/defilippi-sculpture.com\/de","logo":{"@type":"ImageObject","inLanguage":"de","@id":"https:\/\/defilippi-sculpture.com\/de#\/schema\/logo\/image\/","url":"https:\/\/defilippi-sculpture.com\/wp-content\/uploads\/2022\/12\/Logo-Memoire-Aquatique-1-200x200-copie.png","contentUrl":"https:\/\/defilippi-sculpture.com\/wp-content\/uploads\/2022\/12\/Logo-Memoire-Aquatique-1-200x200-copie.png","width":100,"height":100,"caption":"SCULPTURE - DE FILIPPI"},"image":{"@id":"https:\/\/defilippi-sculpture.com\/de#\/schema\/logo\/image\/"}}]}},"_links":{"self":[{"href":"https:\/\/defilippi-sculpture.com\/de\/wp-json\/wp\/v2\/pages\/649","targetHints":{"allow":["GET"]}}],"collection":[{"href":"https:\/\/defilippi-sculpture.com\/de\/wp-json\/wp\/v2\/pages"}],"about":[{"href":"https:\/\/defilippi-sculpture.com\/de\/wp-json\/wp\/v2\/types\/page"}],"author":[{"embeddable":true,"href":"https:\/\/defilippi-sculpture.com\/de\/wp-json\/wp\/v2\/users\/1"}],"replies":[{"embeddable":true,"href":"https:\/\/defilippi-sculpture.com\/de\/wp-json\/wp\/v2\/comments?post=649"}],"version-history":[{"count":7,"href":"https:\/\/defilippi-sculpture.com\/de\/wp-json\/wp\/v2\/pages\/649\/revisions"}],"predecessor-version":[{"id":657,"href":"https:\/\/defilippi-sculpture.com\/de\/wp-json\/wp\/v2\/pages\/649\/revisions\/657"}],"wp:attachment":[{"href":"https:\/\/defilippi-sculpture.com\/de\/wp-json\/wp\/v2\/media?parent=649"}],"curies":[{"name":"wp","href":"https:\/\/api.w.org\/{rel}","templated":true}]}}